{"id":9915,"date":"2025-01-28T12:50:49","date_gmt":"2025-01-28T12:50:49","guid":{"rendered":"https:\/\/koristi-kos.hr\/?page_id=9915"},"modified":"2025-01-28T12:54:53","modified_gmt":"2025-01-28T12:54:53","slug":"moje-reencle-iskustvo","status":"publish","type":"page","link":"https:\/\/koristi-kos.hr\/index.php\/moje-reencle-iskustvo\/","title":{"rendered":"Moje Reencle iskustvo"},"content":{"rendered":"<div class=\"wpb-content-wrapper\"><p>[vc_row css=&#8221;.vc_custom_1629877050232{margin-bottom: 60px !important;}&#8221; mobile_bg_img_hidden=&#8221;no&#8221; tablet_bg_img_hidden=&#8221;no&#8221; woodmart_parallax=&#8221;0&#8243; woodmart_gradient_switch=&#8221;no&#8221; row_reverse_mobile=&#8221;0&#8243; row_reverse_tablet=&#8221;0&#8243; woodmart_disable_overflow=&#8221;0&#8243; wd_z_index=&#8221;no&#8221; woodmart_css_id=&#8221;6125f332edbdf&#8221; responsive_spacing=&#8221;eyJwYXJhbV90eXBlIjoid29vZG1hcnRfcmVzcG9uc2l2ZV9zcGFjaW5nIiwic2VsZWN0b3JfaWQiOiI2MTI1ZjMzMmVkYmRmIiwic2hvcnRjb2RlIjoidmNfcm93IiwiZGF0YSI6eyJ0YWJsZXQiOnt9LCJtb2JpbGUiOnsibWFyZ2luLWJvdHRvbSI6IjQwIn19fQ==&#8221;][vc_column css=&#8221;.vc_custom_1615616838746{padding-top: 0px !important;}&#8221; mobile_bg_img_hidden=&#8221;no&#8221; tablet_bg_img_hidden=&#8221;no&#8221; woodmart_parallax=&#8221;0&#8243; woodmart_sticky_column=&#8221;false&#8221; parallax_scroll=&#8221;no&#8221; mobile_reset_margin=&#8221;no&#8221; tablet_reset_margin=&#8221;no&#8221;]\t\t\t<link rel=\"stylesheet\" id=\"wd-section-title-css\" href=\"https:\/\/koristi-kos.hr\/wp-content\/themes\/woodmart\/css\/parts\/el-section-title.min.css?ver=7.3.0\" type=\"text\/css\" media=\"all\" \/> \t\t\t\t\t\t<link rel=\"stylesheet\" id=\"wd-section-title-style-under-and-over-css\" href=\"https:\/\/koristi-kos.hr\/wp-content\/themes\/woodmart\/css\/parts\/el-section-title-style-under-and-over.min.css?ver=7.3.0\" type=\"text\/css\" media=\"all\" \/> \t\t\t\t\t\t<link rel=\"stylesheet\" id=\"wd-mod-highlighted-text-css\" href=\"https:\/\/koristi-kos.hr\/wp-content\/themes\/woodmart\/css\/parts\/mod-highlighted-text.min.css?ver=7.3.0\" type=\"text\/css\" media=\"all\" \/> \t\t\t\n\t\t<div id=\"wd-6798d1c456485\" class=\"title-wrapper wd-wpb set-mb-s reset-last-child  wd-rs-6798d1c456485 wd-title-color-primary wd-title-style-underlined text-center  wd-underline-colored\">\n\t\t\t\n\t\t\t<div class=\"liner-continer\">\n\t\t\t\t<h4 class=\"woodmart-title-container title  wd-font-weight- wd-fontsize-xxl\" >Moje Reencle iskustvo<\/h4>\n\t\t\t\t\t\t\t<\/div>\n\t\t\t\n\t\t\t\t\t\t\t<div class=\"title-after_title  set-cont-mb-s reset-last-child  wd-fontsize-s\">Ne budi lo\u0161, koristi ko\u0161<\/div>\n\t\t\t\n\t\t\t\n\t\t<\/div>\n\t\t\n\t\t[vc_column_text css=&#8221;&#8221; woodmart_inline=&#8221;no&#8221; text_larger=&#8221;no&#8221;]Kao korisnik Reencle ure\u0111aja za kompostiranje, htjela bih podijeliti svoje osobno iskustvo s vama. Ovaj inovativni ure\u0111aj za kompostiranje mi je omogu\u0107io da aktivno sudjelujem u za\u0161titi okoli\u0161a i smanjenju otpada na jednostavan i prakti\u010dan na\u010din.<\/p>\n<p>Jedna od prvih stvari koje su me odu\u0161evile kod Reenclea je njegova kompaktna veli\u010dina i jednostavno rukovanje. Smjestila sam ga u svoju kuhinju i sada mogu jednostavno kompostirati svoje ostatke hrane i biljni otpad bez da moram odlaziti do vanjskog kompostera. Ovo mi je uvelike olak\u0161alo svakodnevnu rutinu i smanjilo koli\u010dinu otpada.<\/p>\n<p>Jedna od najva\u017enijih prednosti Reenclea je njegova sposobnost da brzo i u\u010dinkovito obra\u0111uje organski otpad. Dnevno, ure\u0111aj obradi do 1 kg oranskog otpada. Koriste\u0107i posebnu tehnologiju, ovaj ure\u0111aj ubrzava proces kompostiranja i omogu\u0107uje mi da u relativno kratkom vremenskom roku dobijem kvalitetno kompostno gnojivo za svoje biljke. Sada mogu samostalno proizvoditi vlastiti kompost. Kompost izvadim i ostavim do 1\/3 sadr\u017eaja i pomij\u0161am za zemljom i gnojivo je spremno za\u00a0 moje biljke!<\/p>\n<p>Reencle tako\u0111er dolazi s dodatnim zna\u010dajkama koje olak\u0161avaju njegovu upotrebu. Senzori za pra\u0107enje razine vlage i temperature osiguravaju optimalne uvjete za kompostiranje, a automatski sustav za mije\u0161anje komposta osloba\u0111a me od potrebe ru\u010dnog mije\u0161anja. Nema neugodnih mirisa, sve je \u010disto, uredno i jednostavno. Ovaj ure\u0111aj mi je omogu\u0107io da postanem samodostatna u proizvodnji vlastitog komposta, \u0161to je ekolo\u0161ki prihvatljiva alternativa tradicionalnom zbrinjavanju otpada.<\/p>\n<p>Ukratko, moje iskustvo s Reencle ure\u0111ajem za kompostiranje je izuzetno pozitivno. Kompaktna veli\u010dina, jednostavno rukovanje i brzina procesa kompostiranja \u010dine ga izvrsnim alatom za svakodnevnu upotrebu. Osje\u0107aj da aktivno sudjelujem u za\u0161titi okoli\u0161a i smanjenju otpada je neprocjenjiv. Preporu\u010dujem Reencle svima koji \u017eele biti ekolo\u0161ki osvije\u0161teni i doprinijeti o\u010duvanju na\u0161eg planeta.<\/p>\n<p>Prila\u017eem nekoliko fotografija:<\/p>\n<p>[\/vc_column_text][vc_column_text css=&#8221;&#8221; woodmart_inline=&#8221;no&#8221; text_larger=&#8221;no&#8221;]<\/p>\n<p>[\/vc_column_text]\t\t\t<link rel=\"stylesheet\" id=\"wd-photoswipe-css\" href=\"https:\/\/koristi-kos.hr\/wp-content\/themes\/woodmart\/css\/parts\/lib-photoswipe.min.css?ver=7.3.0\" type=\"text\/css\" media=\"all\" \/> \t\t\t\t\t\t<link rel=\"stylesheet\" id=\"wd-image-gallery-css\" href=\"https:\/\/koristi-kos.hr\/wp-content\/themes\/woodmart\/css\/parts\/el-gallery.min.css?ver=7.3.0\" type=\"text\/css\" media=\"all\" \/> \t\t\t\t\t<div id=\"gallery_329\" class=\"wd-images-gallery wd-rs-6798d30137516 wd-justify-center wd-items-middle view-justified photoswipe-images\" >\n\t\t\t<div class=\"gallery-images\">\n\t\t\t\t\t\t\t\t\t\t\t\t\t\t\t<div class=\"wd-gallery-item\">\n\t\t\t\t\t\t\t\t\t\t\t\t\t\t<a href=\"https:\/\/koristi-kos.hr\/wp-content\/uploads\/2025\/01\/2.jpg\" data-elementor-open-lightbox=\"no\" data-index=\"1\" data-width=\"400\" data-height=\"533\"  >\n\t\t\t\t\t\t\t\t\n\t\t\t\t\t\t\t\t<img loading=\"lazy\" decoding=\"async\" width=\"225\" height=\"300\" src=\"https:\/\/koristi-kos.hr\/wp-content\/uploads\/2025\/01\/2-225x300.jpg\" class=\"wd-gallery-image image-1\" alt=\"\" srcset=\"https:\/\/koristi-kos.hr\/wp-content\/uploads\/2025\/01\/2-225x300.jpg 225w, https:\/\/koristi-kos.hr\/wp-content\/uploads\/2025\/01\/2.jpg 400w\" sizes=\"auto, (max-width: 225px) 100vw, 225px\" \/>\n\t\t\t\t\t\t\t\t\t\t\t\t\t\t\t<\/a>\n\t\t\t\t\t\t\t\t\t\t\t\t<\/div>\n\t\t\t\t\t\t\t\t\t\t\t<div class=\"wd-gallery-item\">\n\t\t\t\t\t\t\t\t\t\t\t\t\t\t<a href=\"https:\/\/koristi-kos.hr\/wp-content\/uploads\/2025\/01\/3.jpg\" data-elementor-open-lightbox=\"no\" data-index=\"2\" data-width=\"474\" data-height=\"632\"  >\n\t\t\t\t\t\t\t\t\n\t\t\t\t\t\t\t\t<img loading=\"lazy\" decoding=\"async\" width=\"225\" height=\"300\" src=\"https:\/\/koristi-kos.hr\/wp-content\/uploads\/2025\/01\/3-225x300.jpg\" class=\"wd-gallery-image image-2\" alt=\"\" srcset=\"https:\/\/koristi-kos.hr\/wp-content\/uploads\/2025\/01\/3-225x300.jpg 225w, https:\/\/koristi-kos.hr\/wp-content\/uploads\/2025\/01\/3.jpg 474w\" sizes=\"auto, (max-width: 225px) 100vw, 225px\" \/>\n\t\t\t\t\t\t\t\t\t\t\t\t\t\t\t<\/a>\n\t\t\t\t\t\t\t\t\t\t\t\t<\/div>\n\t\t\t\t\t\t\t\t\t\t\t<div class=\"wd-gallery-item\">\n\t\t\t\t\t\t\t\t\t\t\t\t\t\t<a href=\"https:\/\/koristi-kos.hr\/wp-content\/uploads\/2025\/01\/4.jpg\" data-elementor-open-lightbox=\"no\" data-index=\"3\" data-width=\"513\" data-height=\"315\"  >\n\t\t\t\t\t\t\t\t\n\t\t\t\t\t\t\t\t<img loading=\"lazy\" decoding=\"async\" width=\"400\" height=\"246\" src=\"https:\/\/koristi-kos.hr\/wp-content\/uploads\/2025\/01\/4-400x246.jpg\" class=\"wd-gallery-image image-3\" alt=\"\" srcset=\"https:\/\/koristi-kos.hr\/wp-content\/uploads\/2025\/01\/4-400x246.jpg 400w, https:\/\/koristi-kos.hr\/wp-content\/uploads\/2025\/01\/4.jpg 513w\" sizes=\"auto, (max-width: 400px) 100vw, 400px\" \/>\n\t\t\t\t\t\t\t\t\t\t\t\t\t\t\t<\/a>\n\t\t\t\t\t\t\t\t\t\t\t\t<\/div>\n\t\t\t\t\t\t\t\t\t\t\t<div class=\"wd-gallery-item\">\n\t\t\t\t\t\t\t\t\t\t\t\t\t\t<a href=\"https:\/\/koristi-kos.hr\/wp-content\/uploads\/2025\/01\/1.jpg\" data-elementor-open-lightbox=\"no\" data-index=\"4\" data-width=\"657\" data-height=\"876\"  >\n\t\t\t\t\t\t\t\t\n\t\t\t\t\t\t\t\t<img loading=\"lazy\" decoding=\"async\" width=\"225\" height=\"300\" src=\"https:\/\/koristi-kos.hr\/wp-content\/uploads\/2025\/01\/1-225x300.jpg\" class=\"wd-gallery-image image-4\" alt=\"\" srcset=\"https:\/\/koristi-kos.hr\/wp-content\/uploads\/2025\/01\/1-225x300.jpg 225w, https:\/\/koristi-kos.hr\/wp-content\/uploads\/2025\/01\/1-600x800.jpg 600w, https:\/\/koristi-kos.hr\/wp-content\/uploads\/2025\/01\/1.jpg 657w\" sizes=\"auto, (max-width: 225px) 100vw, 225px\" \/>\n\t\t\t\t\t\t\t\t\t\t\t\t\t\t\t<\/a>\n\t\t\t\t\t\t\t\t\t\t\t\t<\/div>\n\t\t\t\t\t\t\t\t\t\t\t\t<\/div>\n\t\t<\/div>\n\t\t\t\t\t<link rel=\"stylesheet\" id=\"wd-justified-css\" href=\"https:\/\/koristi-kos.hr\/wp-content\/themes\/woodmart\/css\/parts\/lib-justified-gallery.min.css?ver=7.3.0\" type=\"text\/css\" media=\"all\" \/> \t\t\t\t\t[\/vc_column][\/vc_row]<\/p>\n<\/div>","protected":false},"excerpt":{"rendered":"<p>[vc_row css=&#8221;.vc_custom_1629877050232{margin-bottom: 60px !important;}&#8221; mobile_bg_img_hidden=&#8221;no&#8221; tablet_bg_img_hidden=&#8221;no&#8221; woodmart_parallax=&#8221;0&#8243; woodmart_gradient_switch=&#8221;no&#8221; row_reverse_mobile=&#8221;0&#8243; row_reverse_tablet=&#8221;0&#8243; woodmart_disable_overflow=&#8221;0&#8243; wd_z_index=&#8221;no&#8221; woodmart_css_id=&#8221;6125f332edbdf&#8221; responsive_spacing=&#8221;eyJwYXJhbV90eXBlIjoid29vZG1hcnRfcmVzcG9uc2l2ZV9zcGFjaW5nIiwic2VsZWN0b3JfaWQiOiI2MTI1ZjMzMmVkYmRmIiwic2hvcnRjb2RlIjoidmNfcm93IiwiZGF0YSI6eyJ0YWJsZXQiOnt9LCJtb2JpbGUiOnsibWFyZ2luLWJvdHRvbSI6IjQwIn19fQ==&#8221;][vc_column css=&#8221;.vc_custom_1615616838746{padding-top: 0px !important;}&#8221; mobile_bg_img_hidden=&#8221;no&#8221; tablet_bg_img_hidden=&#8221;no&#8221; woodmart_parallax=&#8221;0&#8243;<\/p>\n","protected":false},"author":1,"featured_media":0,"parent":0,"menu_order":0,"comment_status":"closed","ping_status":"closed","template":"","meta":{"footnotes":""},"class_list":["post-9915","page","type-page","status-publish","hentry"],"yoast_head":"<!-- This site is optimized with the Yoast SEO plugin v24.1 - https:\/\/yoast.com\/wordpress\/plugins\/seo\/ -->\n<title>Moje Reencle iskustvo - Koristi ko\u0161<\/title>\n<meta name=\"robots\" content=\"index, follow, max-snippet:-1, max-image-preview:large, max-video-preview:-1\" \/>\n<link rel=\"canonical\" href=\"https:\/\/koristi-kos.hr\/index.php\/moje-reencle-iskustvo\/\" \/>\n<meta property=\"og:locale\" content=\"hr_HR\" \/>\n<meta property=\"og:type\" content=\"article\" \/>\n<meta property=\"og:title\" content=\"Moje Reencle iskustvo - Koristi ko\u0161\" \/>\n<meta property=\"og:description\" content=\"[vc_row css=&#8221;.vc_custom_1629877050232{margin-bottom: 60px !important;}&#8221; mobile_bg_img_hidden=&#8221;no&#8221; tablet_bg_img_hidden=&#8221;no&#8221; woodmart_parallax=&#8221;0&#8243; woodmart_gradient_switch=&#8221;no&#8221; row_reverse_mobile=&#8221;0&#8243; row_reverse_tablet=&#8221;0&#8243; woodmart_disable_overflow=&#8221;0&#8243; wd_z_index=&#8221;no&#8221; woodmart_css_id=&#8221;6125f332edbdf&#8221; responsive_spacing=&#8221;eyJwYXJhbV90eXBlIjoid29vZG1hcnRfcmVzcG9uc2l2ZV9zcGFjaW5nIiwic2VsZWN0b3JfaWQiOiI2MTI1ZjMzMmVkYmRmIiwic2hvcnRjb2RlIjoidmNfcm93IiwiZGF0YSI6eyJ0YWJsZXQiOnt9LCJtb2JpbGUiOnsibWFyZ2luLWJvdHRvbSI6IjQwIn19fQ==&#8221;][vc_column css=&#8221;.vc_custom_1615616838746{padding-top: 0px !important;}&#8221; mobile_bg_img_hidden=&#8221;no&#8221; tablet_bg_img_hidden=&#8221;no&#8221; woodmart_parallax=&#8221;0&#8243;\" \/>\n<meta property=\"og:url\" content=\"https:\/\/koristi-kos.hr\/index.php\/moje-reencle-iskustvo\/\" \/>\n<meta property=\"og:site_name\" content=\"Koristi ko\u0161\" \/>\n<meta property=\"article:modified_time\" content=\"2025-01-28T12:54:53+00:00\" \/>\n<meta name=\"twitter:card\" content=\"summary_large_image\" \/>\n<meta name=\"twitter:label1\" content=\"Procijenjeno vrijeme \u010ditanja\" \/>\n\t<meta name=\"twitter:data1\" content=\"3 minute\" \/>\n<script type=\"application\/ld+json\" class=\"yoast-schema-graph\">{\"@context\":\"https:\/\/schema.org\",\"@graph\":[{\"@type\":\"WebPage\",\"@id\":\"https:\/\/koristi-kos.hr\/index.php\/moje-reencle-iskustvo\/\",\"url\":\"https:\/\/koristi-kos.hr\/index.php\/moje-reencle-iskustvo\/\",\"name\":\"Moje Reencle iskustvo - Koristi ko\u0161\",\"isPartOf\":{\"@id\":\"https:\/\/koristi-kos.hr\/#website\"},\"datePublished\":\"2025-01-28T12:50:49+00:00\",\"dateModified\":\"2025-01-28T12:54:53+00:00\",\"breadcrumb\":{\"@id\":\"https:\/\/koristi-kos.hr\/index.php\/moje-reencle-iskustvo\/#breadcrumb\"},\"inLanguage\":\"hr\",\"potentialAction\":[{\"@type\":\"ReadAction\",\"target\":[\"https:\/\/koristi-kos.hr\/index.php\/moje-reencle-iskustvo\/\"]}]},{\"@type\":\"BreadcrumbList\",\"@id\":\"https:\/\/koristi-kos.hr\/index.php\/moje-reencle-iskustvo\/#breadcrumb\",\"itemListElement\":[{\"@type\":\"ListItem\",\"position\":1,\"name\":\"Po\u010detna stranica\",\"item\":\"https:\/\/koristi-kos.hr\/\"},{\"@type\":\"ListItem\",\"position\":2,\"name\":\"Moje Reencle iskustvo\"}]},{\"@type\":\"WebSite\",\"@id\":\"https:\/\/koristi-kos.hr\/#website\",\"url\":\"https:\/\/koristi-kos.hr\/\",\"name\":\"Koristi ko\u0161\",\"description\":\"\",\"potentialAction\":[{\"@type\":\"SearchAction\",\"target\":{\"@type\":\"EntryPoint\",\"urlTemplate\":\"https:\/\/koristi-kos.hr\/?s={search_term_string}\"},\"query-input\":{\"@type\":\"PropertyValueSpecification\",\"valueRequired\":true,\"valueName\":\"search_term_string\"}}],\"inLanguage\":\"hr\"}]}<\/script>\n<!-- \/ Yoast SEO plugin. -->","yoast_head_json":{"title":"Moje Reencle iskustvo - Koristi ko\u0161","robots":{"index":"index","follow":"follow","max-snippet":"max-snippet:-1","max-image-preview":"max-image-preview:large","max-video-preview":"max-video-preview:-1"},"canonical":"https:\/\/koristi-kos.hr\/index.php\/moje-reencle-iskustvo\/","og_locale":"hr_HR","og_type":"article","og_title":"Moje Reencle iskustvo - Koristi ko\u0161","og_description":"[vc_row css=&#8221;.vc_custom_1629877050232{margin-bottom: 60px !important;}&#8221; mobile_bg_img_hidden=&#8221;no&#8221; tablet_bg_img_hidden=&#8221;no&#8221; woodmart_parallax=&#8221;0&#8243; woodmart_gradient_switch=&#8221;no&#8221; row_reverse_mobile=&#8221;0&#8243; row_reverse_tablet=&#8221;0&#8243; woodmart_disable_overflow=&#8221;0&#8243; wd_z_index=&#8221;no&#8221; woodmart_css_id=&#8221;6125f332edbdf&#8221; responsive_spacing=&#8221;eyJwYXJhbV90eXBlIjoid29vZG1hcnRfcmVzcG9uc2l2ZV9zcGFjaW5nIiwic2VsZWN0b3JfaWQiOiI2MTI1ZjMzMmVkYmRmIiwic2hvcnRjb2RlIjoidmNfcm93IiwiZGF0YSI6eyJ0YWJsZXQiOnt9LCJtb2JpbGUiOnsibWFyZ2luLWJvdHRvbSI6IjQwIn19fQ==&#8221;][vc_column css=&#8221;.vc_custom_1615616838746{padding-top: 0px !important;}&#8221; mobile_bg_img_hidden=&#8221;no&#8221; tablet_bg_img_hidden=&#8221;no&#8221; woodmart_parallax=&#8221;0&#8243;","og_url":"https:\/\/koristi-kos.hr\/index.php\/moje-reencle-iskustvo\/","og_site_name":"Koristi ko\u0161","article_modified_time":"2025-01-28T12:54:53+00:00","twitter_card":"summary_large_image","twitter_misc":{"Procijenjeno vrijeme \u010ditanja":"3 minute"},"schema":{"@context":"https:\/\/schema.org","@graph":[{"@type":"WebPage","@id":"https:\/\/koristi-kos.hr\/index.php\/moje-reencle-iskustvo\/","url":"https:\/\/koristi-kos.hr\/index.php\/moje-reencle-iskustvo\/","name":"Moje Reencle iskustvo - Koristi ko\u0161","isPartOf":{"@id":"https:\/\/koristi-kos.hr\/#website"},"datePublished":"2025-01-28T12:50:49+00:00","dateModified":"2025-01-28T12:54:53+00:00","breadcrumb":{"@id":"https:\/\/koristi-kos.hr\/index.php\/moje-reencle-iskustvo\/#breadcrumb"},"inLanguage":"hr","potentialAction":[{"@type":"ReadAction","target":["https:\/\/koristi-kos.hr\/index.php\/moje-reencle-iskustvo\/"]}]},{"@type":"BreadcrumbList","@id":"https:\/\/koristi-kos.hr\/index.php\/moje-reencle-iskustvo\/#breadcrumb","itemListElement":[{"@type":"ListItem","position":1,"name":"Po\u010detna stranica","item":"https:\/\/koristi-kos.hr\/"},{"@type":"ListItem","position":2,"name":"Moje Reencle iskustvo"}]},{"@type":"WebSite","@id":"https:\/\/koristi-kos.hr\/#website","url":"https:\/\/koristi-kos.hr\/","name":"Koristi ko\u0161","description":"","potentialAction":[{"@type":"SearchAction","target":{"@type":"EntryPoint","urlTemplate":"https:\/\/koristi-kos.hr\/?s={search_term_string}"},"query-input":{"@type":"PropertyValueSpecification","valueRequired":true,"valueName":"search_term_string"}}],"inLanguage":"hr"}]}},"_links":{"self":[{"href":"https:\/\/koristi-kos.hr\/index.php\/wp-json\/wp\/v2\/pages\/9915","targetHints":{"allow":["GET"]}}],"collection":[{"href":"https:\/\/koristi-kos.hr\/index.php\/wp-json\/wp\/v2\/pages"}],"about":[{"href":"https:\/\/koristi-kos.hr\/index.php\/wp-json\/wp\/v2\/types\/page"}],"author":[{"embeddable":true,"href":"https:\/\/koristi-kos.hr\/index.php\/wp-json\/wp\/v2\/users\/1"}],"replies":[{"embeddable":true,"href":"https:\/\/koristi-kos.hr\/index.php\/wp-json\/wp\/v2\/comments?post=9915"}],"version-history":[{"count":3,"href":"https:\/\/koristi-kos.hr\/index.php\/wp-json\/wp\/v2\/pages\/9915\/revisions"}],"predecessor-version":[{"id":9927,"href":"https:\/\/koristi-kos.hr\/index.php\/wp-json\/wp\/v2\/pages\/9915\/revisions\/9927"}],"wp:attachment":[{"href":"https:\/\/koristi-kos.hr\/index.php\/wp-json\/wp\/v2\/media?parent=9915"}],"curies":[{"name":"wp","href":"https:\/\/api.w.org\/{rel}","templated":true}]}}