{"id":9690,"date":"2024-10-24T21:11:43","date_gmt":"2024-10-24T21:11:43","guid":{"rendered":"https:\/\/koristi-kos.hr\/?page_id=9690"},"modified":"2024-11-06T07:16:10","modified_gmt":"2024-11-06T07:16:10","slug":"pravne-osobe","status":"publish","type":"page","link":"https:\/\/koristi-kos.hr\/index.php\/pravne-osobe\/","title":{"rendered":"Pravne osobe"},"content":{"rendered":"<div class=\"wpb-content-wrapper\"><p>[vc_row css=&#8221;.vc_custom_1629877050232{margin-bottom: 60px !important;}&#8221; mobile_bg_img_hidden=&#8221;no&#8221; tablet_bg_img_hidden=&#8221;no&#8221; woodmart_parallax=&#8221;0&#8243; woodmart_gradient_switch=&#8221;no&#8221; row_reverse_mobile=&#8221;0&#8243; row_reverse_tablet=&#8221;0&#8243; woodmart_disable_overflow=&#8221;0&#8243; wd_z_index=&#8221;no&#8221; woodmart_css_id=&#8221;6125f332edbdf&#8221; responsive_spacing=&#8221;eyJwYXJhbV90eXBlIjoid29vZG1hcnRfcmVzcG9uc2l2ZV9zcGFjaW5nIiwic2VsZWN0b3JfaWQiOiI2MTI1ZjMzMmVkYmRmIiwic2hvcnRjb2RlIjoidmNfcm93IiwiZGF0YSI6eyJ0YWJsZXQiOnt9LCJtb2JpbGUiOnsibWFyZ2luLWJvdHRvbSI6IjQwIn19fQ==&#8221;][vc_column css=&#8221;.vc_custom_1615616838746{padding-top: 0px !important;}&#8221; mobile_bg_img_hidden=&#8221;no&#8221; tablet_bg_img_hidden=&#8221;no&#8221; woodmart_parallax=&#8221;0&#8243; woodmart_sticky_column=&#8221;false&#8221; parallax_scroll=&#8221;no&#8221; mobile_reset_margin=&#8221;no&#8221; tablet_reset_margin=&#8221;no&#8221;]\t\t\t<link rel=\"stylesheet\" id=\"wd-section-title-css\" href=\"https:\/\/koristi-kos.hr\/wp-content\/themes\/woodmart\/css\/parts\/el-section-title.min.css?ver=7.3.0\" type=\"text\/css\" media=\"all\" \/> \t\t\t\t\t\t<link rel=\"stylesheet\" id=\"wd-section-title-style-under-and-over-css\" href=\"https:\/\/koristi-kos.hr\/wp-content\/themes\/woodmart\/css\/parts\/el-section-title-style-under-and-over.min.css?ver=7.3.0\" type=\"text\/css\" media=\"all\" \/> \t\t\t\t\t\t<link rel=\"stylesheet\" id=\"wd-mod-highlighted-text-css\" href=\"https:\/\/koristi-kos.hr\/wp-content\/themes\/woodmart\/css\/parts\/mod-highlighted-text.min.css?ver=7.3.0\" type=\"text\/css\" media=\"all\" \/> \t\t\t\n\t\t<div id=\"wd-672b177611891\" class=\"title-wrapper wd-wpb set-mb-s reset-last-child  wd-rs-672b177611891 wd-title-color-primary wd-title-style-underlined text-center  wd-underline-colored\">\n\t\t\t\n\t\t\t<div class=\"liner-continer\">\n\t\t\t\t<h4 class=\"woodmart-title-container title  wd-font-weight- wd-fontsize-xxl\" >Korisne informacije - Pravne osobe<\/h4>\n\t\t\t\t\t\t\t<\/div>\n\t\t\t\n\t\t\t\t\t\t\t<div class=\"title-after_title  set-cont-mb-s reset-last-child  wd-fontsize-s\">Ne budi lo\u0161, koristi ko\u0161<\/div>\n\t\t\t\n\t\t\t\n\t\t<\/div>\n\t\t\n\t\t[vc_column_text css=&#8221;&#8221; woodmart_inline=&#8221;no&#8221; text_larger=&#8221;no&#8221;]<\/p>\n<h2>Bro\u0161ura: Gospodarenje otpadom za pravne osobe<\/h2>\n<ul>\n<li><a href=\"https:\/\/koristi-kos.hr\/wp-content\/uploads\/2024\/10\/A4-BROSURA-HARMONIKA-PRIPREMA-1.pdf\" target=\"_blank\" rel=\"noopener\">Preuzimite bro\u0161uru &#8211; Gospodarenje otpadom za pravne osobe (PDF)<\/a><\/li>\n<\/ul>\n<p><i><span lang=\"HR\">Ova bro\u0161ura pru\u017ea sveobuhvatan vodi\u010d za pravne osobe o pravilnom gospodarenju otpadom. Uklju\u010duje zakonski okvir, vrste otpada, kaznene odredbe, te korake za uskla\u0111ivanje s propisima.<\/span><\/i><\/p>\n<p><i><span lang=\"IT\">Klju\u010dne to\u010dke uklju\u010duju:<\/span><\/i><\/p>\n<ul type=\"disc\">\n<li><i><span lang=\"IT\">Zakonski okvir: Obuhva\u0107a Zakon o odr\u017eivom gospodarenju otpadom, Pravilnik o gospodarenju otpadom, te druge relevantne pravilnike.<\/span><\/i><\/li>\n<li><i><span lang=\"IT\">Vrste otpada: Detaljno opisuje mije\u0161ani komunalni otpad, reciklabilni komunalni otpad, te proizvodni otpad.<\/span><\/i><\/li>\n<li><i><span lang=\"IT\">Kaznene odredbe: Nov\u010dane kazne za nepo\u0161tivanje propisa kre\u0107u se od 10.000 do 1.000.000 kuna, a odgovorne osobe mogu biti ka\u017enjene od 5.000 do 70.000 kuna.<\/span><\/i><\/li>\n<li><i><span lang=\"IT\">Kako se uskladiti s propisima: Savjeti uklju\u010duju analizu vrste otpada, smanjenje koli\u010dine otpada, recikliranje, odgovorno zbrinjavanje otpada, te kontinuiranu edukaciju zaposlenika.<\/span><\/i><\/li>\n<\/ul>\n<p><i><span lang=\"IT\">\u00a0<\/span><\/i><\/p>\n<p><i><span lang=\"IT\">Za dodatne informacije, kontaktirajte putem e-maila.<\/span><\/i>[\/vc_column_text][vc_column_text css=&#8221;&#8221; woodmart_inline=&#8221;no&#8221; text_larger=&#8221;no&#8221;]<\/p>\n<p>[\/vc_column_text][\/vc_column][\/vc_row]<\/p>\n<\/div>","protected":false},"excerpt":{"rendered":"<p>[vc_row css=&#8221;.vc_custom_1629877050232{margin-bottom: 60px !important;}&#8221; mobile_bg_img_hidden=&#8221;no&#8221; tablet_bg_img_hidden=&#8221;no&#8221; woodmart_parallax=&#8221;0&#8243; woodmart_gradient_switch=&#8221;no&#8221; row_reverse_mobile=&#8221;0&#8243; row_reverse_tablet=&#8221;0&#8243; woodmart_disable_overflow=&#8221;0&#8243; wd_z_index=&#8221;no&#8221; woodmart_css_id=&#8221;6125f332edbdf&#8221; responsive_spacing=&#8221;eyJwYXJhbV90eXBlIjoid29vZG1hcnRfcmVzcG9uc2l2ZV9zcGFjaW5nIiwic2VsZWN0b3JfaWQiOiI2MTI1ZjMzMmVkYmRmIiwic2hvcnRjb2RlIjoidmNfcm93IiwiZGF0YSI6eyJ0YWJsZXQiOnt9LCJtb2JpbGUiOnsibWFyZ2luLWJvdHRvbSI6IjQwIn19fQ==&#8221;][vc_column css=&#8221;.vc_custom_1615616838746{padding-top: 0px !important;}&#8221; mobile_bg_img_hidden=&#8221;no&#8221; tablet_bg_img_hidden=&#8221;no&#8221; woodmart_parallax=&#8221;0&#8243;<\/p>\n","protected":false},"author":1,"featured_media":0,"parent":0,"menu_order":0,"comment_status":"closed","ping_status":"closed","template":"","meta":{"footnotes":""},"class_list":["post-9690","page","type-page","status-publish","hentry"],"yoast_head":"<!-- This site is optimized with the Yoast SEO plugin v24.1 - https:\/\/yoast.com\/wordpress\/plugins\/seo\/ -->\n<title>Pravne osobe - Koristi ko\u0161<\/title>\n<meta name=\"robots\" content=\"index, follow, max-snippet:-1, max-image-preview:large, max-video-preview:-1\" \/>\n<link rel=\"canonical\" href=\"https:\/\/koristi-kos.hr\/index.php\/pravne-osobe\/\" \/>\n<meta property=\"og:locale\" content=\"hr_HR\" \/>\n<meta property=\"og:type\" content=\"article\" \/>\n<meta property=\"og:title\" content=\"Pravne osobe - Koristi ko\u0161\" \/>\n<meta property=\"og:description\" content=\"[vc_row css=&#8221;.vc_custom_1629877050232{margin-bottom: 60px !important;}&#8221; mobile_bg_img_hidden=&#8221;no&#8221; tablet_bg_img_hidden=&#8221;no&#8221; woodmart_parallax=&#8221;0&#8243; woodmart_gradient_switch=&#8221;no&#8221; row_reverse_mobile=&#8221;0&#8243; row_reverse_tablet=&#8221;0&#8243; woodmart_disable_overflow=&#8221;0&#8243; wd_z_index=&#8221;no&#8221; woodmart_css_id=&#8221;6125f332edbdf&#8221; responsive_spacing=&#8221;eyJwYXJhbV90eXBlIjoid29vZG1hcnRfcmVzcG9uc2l2ZV9zcGFjaW5nIiwic2VsZWN0b3JfaWQiOiI2MTI1ZjMzMmVkYmRmIiwic2hvcnRjb2RlIjoidmNfcm93IiwiZGF0YSI6eyJ0YWJsZXQiOnt9LCJtb2JpbGUiOnsibWFyZ2luLWJvdHRvbSI6IjQwIn19fQ==&#8221;][vc_column css=&#8221;.vc_custom_1615616838746{padding-top: 0px !important;}&#8221; mobile_bg_img_hidden=&#8221;no&#8221; tablet_bg_img_hidden=&#8221;no&#8221; woodmart_parallax=&#8221;0&#8243;\" \/>\n<meta property=\"og:url\" content=\"https:\/\/koristi-kos.hr\/index.php\/pravne-osobe\/\" \/>\n<meta property=\"og:site_name\" content=\"Koristi ko\u0161\" \/>\n<meta property=\"article:modified_time\" content=\"2024-11-06T07:16:10+00:00\" \/>\n<meta name=\"twitter:card\" content=\"summary_large_image\" \/>\n<meta name=\"twitter:label1\" content=\"Procijenjeno vrijeme \u010ditanja\" \/>\n\t<meta name=\"twitter:data1\" content=\"2 minute\" \/>\n<script type=\"application\/ld+json\" class=\"yoast-schema-graph\">{\"@context\":\"https:\/\/schema.org\",\"@graph\":[{\"@type\":\"WebPage\",\"@id\":\"https:\/\/koristi-kos.hr\/index.php\/pravne-osobe\/\",\"url\":\"https:\/\/koristi-kos.hr\/index.php\/pravne-osobe\/\",\"name\":\"Pravne osobe - Koristi ko\u0161\",\"isPartOf\":{\"@id\":\"https:\/\/koristi-kos.hr\/#website\"},\"datePublished\":\"2024-10-24T21:11:43+00:00\",\"dateModified\":\"2024-11-06T07:16:10+00:00\",\"breadcrumb\":{\"@id\":\"https:\/\/koristi-kos.hr\/index.php\/pravne-osobe\/#breadcrumb\"},\"inLanguage\":\"hr\",\"potentialAction\":[{\"@type\":\"ReadAction\",\"target\":[\"https:\/\/koristi-kos.hr\/index.php\/pravne-osobe\/\"]}]},{\"@type\":\"BreadcrumbList\",\"@id\":\"https:\/\/koristi-kos.hr\/index.php\/pravne-osobe\/#breadcrumb\",\"itemListElement\":[{\"@type\":\"ListItem\",\"position\":1,\"name\":\"Po\u010detna stranica\",\"item\":\"https:\/\/koristi-kos.hr\/\"},{\"@type\":\"ListItem\",\"position\":2,\"name\":\"Pravne osobe\"}]},{\"@type\":\"WebSite\",\"@id\":\"https:\/\/koristi-kos.hr\/#website\",\"url\":\"https:\/\/koristi-kos.hr\/\",\"name\":\"Koristi ko\u0161\",\"description\":\"\",\"potentialAction\":[{\"@type\":\"SearchAction\",\"target\":{\"@type\":\"EntryPoint\",\"urlTemplate\":\"https:\/\/koristi-kos.hr\/?s={search_term_string}\"},\"query-input\":{\"@type\":\"PropertyValueSpecification\",\"valueRequired\":true,\"valueName\":\"search_term_string\"}}],\"inLanguage\":\"hr\"}]}<\/script>\n<!-- \/ Yoast SEO plugin. -->","yoast_head_json":{"title":"Pravne osobe - Koristi ko\u0161","robots":{"index":"index","follow":"follow","max-snippet":"max-snippet:-1","max-image-preview":"max-image-preview:large","max-video-preview":"max-video-preview:-1"},"canonical":"https:\/\/koristi-kos.hr\/index.php\/pravne-osobe\/","og_locale":"hr_HR","og_type":"article","og_title":"Pravne osobe - Koristi ko\u0161","og_description":"[vc_row css=&#8221;.vc_custom_1629877050232{margin-bottom: 60px !important;}&#8221; mobile_bg_img_hidden=&#8221;no&#8221; tablet_bg_img_hidden=&#8221;no&#8221; woodmart_parallax=&#8221;0&#8243; woodmart_gradient_switch=&#8221;no&#8221; row_reverse_mobile=&#8221;0&#8243; row_reverse_tablet=&#8221;0&#8243; woodmart_disable_overflow=&#8221;0&#8243; wd_z_index=&#8221;no&#8221; woodmart_css_id=&#8221;6125f332edbdf&#8221; responsive_spacing=&#8221;eyJwYXJhbV90eXBlIjoid29vZG1hcnRfcmVzcG9uc2l2ZV9zcGFjaW5nIiwic2VsZWN0b3JfaWQiOiI2MTI1ZjMzMmVkYmRmIiwic2hvcnRjb2RlIjoidmNfcm93IiwiZGF0YSI6eyJ0YWJsZXQiOnt9LCJtb2JpbGUiOnsibWFyZ2luLWJvdHRvbSI6IjQwIn19fQ==&#8221;][vc_column css=&#8221;.vc_custom_1615616838746{padding-top: 0px !important;}&#8221; mobile_bg_img_hidden=&#8221;no&#8221; tablet_bg_img_hidden=&#8221;no&#8221; woodmart_parallax=&#8221;0&#8243;","og_url":"https:\/\/koristi-kos.hr\/index.php\/pravne-osobe\/","og_site_name":"Koristi ko\u0161","article_modified_time":"2024-11-06T07:16:10+00:00","twitter_card":"summary_large_image","twitter_misc":{"Procijenjeno vrijeme \u010ditanja":"2 minute"},"schema":{"@context":"https:\/\/schema.org","@graph":[{"@type":"WebPage","@id":"https:\/\/koristi-kos.hr\/index.php\/pravne-osobe\/","url":"https:\/\/koristi-kos.hr\/index.php\/pravne-osobe\/","name":"Pravne osobe - Koristi ko\u0161","isPartOf":{"@id":"https:\/\/koristi-kos.hr\/#website"},"datePublished":"2024-10-24T21:11:43+00:00","dateModified":"2024-11-06T07:16:10+00:00","breadcrumb":{"@id":"https:\/\/koristi-kos.hr\/index.php\/pravne-osobe\/#breadcrumb"},"inLanguage":"hr","potentialAction":[{"@type":"ReadAction","target":["https:\/\/koristi-kos.hr\/index.php\/pravne-osobe\/"]}]},{"@type":"BreadcrumbList","@id":"https:\/\/koristi-kos.hr\/index.php\/pravne-osobe\/#breadcrumb","itemListElement":[{"@type":"ListItem","position":1,"name":"Po\u010detna stranica","item":"https:\/\/koristi-kos.hr\/"},{"@type":"ListItem","position":2,"name":"Pravne osobe"}]},{"@type":"WebSite","@id":"https:\/\/koristi-kos.hr\/#website","url":"https:\/\/koristi-kos.hr\/","name":"Koristi ko\u0161","description":"","potentialAction":[{"@type":"SearchAction","target":{"@type":"EntryPoint","urlTemplate":"https:\/\/koristi-kos.hr\/?s={search_term_string}"},"query-input":{"@type":"PropertyValueSpecification","valueRequired":true,"valueName":"search_term_string"}}],"inLanguage":"hr"}]}},"_links":{"self":[{"href":"https:\/\/koristi-kos.hr\/index.php\/wp-json\/wp\/v2\/pages\/9690","targetHints":{"allow":["GET"]}}],"collection":[{"href":"https:\/\/koristi-kos.hr\/index.php\/wp-json\/wp\/v2\/pages"}],"about":[{"href":"https:\/\/koristi-kos.hr\/index.php\/wp-json\/wp\/v2\/types\/page"}],"author":[{"embeddable":true,"href":"https:\/\/koristi-kos.hr\/index.php\/wp-json\/wp\/v2\/users\/1"}],"replies":[{"embeddable":true,"href":"https:\/\/koristi-kos.hr\/index.php\/wp-json\/wp\/v2\/comments?post=9690"}],"version-history":[{"count":5,"href":"https:\/\/koristi-kos.hr\/index.php\/wp-json\/wp\/v2\/pages\/9690\/revisions"}],"predecessor-version":[{"id":9708,"href":"https:\/\/koristi-kos.hr\/index.php\/wp-json\/wp\/v2\/pages\/9690\/revisions\/9708"}],"wp:attachment":[{"href":"https:\/\/koristi-kos.hr\/index.php\/wp-json\/wp\/v2\/media?parent=9690"}],"curies":[{"name":"wp","href":"https:\/\/api.w.org\/{rel}","templated":true}]}}